{"id":142,"date":"2013-09-05T00:14:28","date_gmt":"2013-09-04T22:14:28","guid":{"rendered":"http:\/\/volley.file3.wcms.tu-dresden.de\/?page_id=142"},"modified":"2016-09-05T15:28:58","modified_gmt":"2016-09-05T13:28:58","slug":"allgemeines","status":"publish","type":"page","link":"https:\/\/volley.file3.wcms.tu-dresden.de\/?page_id=142","title":{"rendered":"Allgemeines"},"content":{"rendered":"<p>Hier ein paar allgemeine Infos zum Volleyballbetrieb des Universit\u00e4ts &#8211; Sport &#8211; Zentrum der TU Dresden.<\/p>\n<p>Hallenvolleyball findet regelm\u00e4\u00dfig in der Sporthalle N\u00f6 II statt. Diese findet ihr, wenn ihr nach dem Betreten des Sportkomplexes N\u00f6thnitzerstra\u00dfe nach links geht. Alle Kurse enden sp\u00e4testens 23:00 Uhr.<br \/>\nLaut Hallenordnung muss die Sportanlage sp\u00e4testens 23:30 Uhr verlassen werden.<\/p>\n<p>Die Hallenordnung k\u00f6nnt ihr unter dem entsprechenden <a href=\"http:\/\/volley.file3.wcms.tu-dresden.de\/?page_id=147\" target=\"_blank\">Punkt<\/a> einsehen.<\/p>\n<p>Das USZ bietet in den Sommersemestern auch Kurse im Beachvolleyball an. Diese Kurse finden auf der Beachvolleyballanlage hinter der Sporthalle N\u00f6 II statt. Die Anlage betretet ihr am besten durch die T\u00fcr links nach der gro\u00dfen Feuerschutzt\u00fcr zu den Umkleiden. Zu beachten ist, dass sich nach den Kursen gut entsandet werden sollte und nur die Kabinen 106 &amp; 107 f\u00fcr die Beachvolleyballer freigegeben sind. Auch im Beachvolleyball ist das Kursende des letzten Kurses 23:00 Uhr. Auch auf dieser Anlage gilt die Hallenordnung des USZ.<\/p>\n<p>Der Sportartverantwortliche des USZ ist Herr <strong>Jan P\u00f6tschke<\/strong> &#8211; ihr erreicht ihn unter <a href=\"mailto:Jan.Poetschke@tu-dresden.de\">Jan P\u00f6tschke<\/a>. Er ist verantwortlich f\u00fcr \u00dcbungsleitervertr\u00e4ge, Wettkampffragen sowie alle grundlegenden Entscheidungen im Volleyballbereich.<\/p>\n<p>Unser Obmann &amp; Sportkoordinator im Hallenvolleyball und damit Ansprechpartner f\u00fcr alle \u00dcbungsleiter und Interessierte in diesem Bereich ist <strong>Gordon Lemme<\/strong>. Er ist erreichbar unter <a href=\"mailto:univolleyball@yahoo.de\">Gordon Lemme<\/a><\/p>\n<p>Der Sportkoordinator im Bereich Beachvolleyball ist Peter Hesse. Er ist eure Anlaufstation, wenn es um den sandigen Sport geht. Sei es Interesse an einer Kursleitert\u00e4tigkeit oder Fragen zum Kursangebot, unter <a href=\"mailto:hesse-peter@freenet.de\">Peter Hesse<\/a> erreicht ihr ihn und bekommt Antworten, Hinweise und Ausk\u00fcnfte.<\/p>\n","protected":false},"excerpt":{"rendered":"<p>Hier ein paar allgemeine Infos zum Volleyballbetrieb des Universit\u00e4ts &#8211; Sport &#8211; Zentrum der TU Dresden. Hallenvolleyball findet regelm\u00e4\u00dfig in der Sporthalle N\u00f6 II statt. Diese findet ihr, wenn ihr nach dem Betreten des Sportkomplexes N\u00f6thnitzerstra\u00dfe nach links geht. Alle Kurse enden sp\u00e4testens 23:00 Uhr. Laut Hallenordnung muss die Sportanlage sp\u00e4testens 23:30 Uhr verlassen werden. &hellip; <\/p>\n<p><a class=\"more-link btn\" href=\"https:\/\/volley.file3.wcms.tu-dresden.de\/?page_id=142\">Weiterlesen<\/a><\/p>\n","protected":false},"author":3,"featured_media":0,"parent":0,"menu_order":0,"comment_status":"closed","ping_status":"open","template":"","meta":{"footnotes":""},"class_list":["post-142","page","type-page","status-publish","hentry","nodate","item-wrap"],"_links":{"self":[{"href":"https:\/\/volley.file3.wcms.tu-dresden.de\/index.php?rest_route=\/wp\/v2\/pages\/142","targetHints":{"allow":["GET"]}}],"collection":[{"href":"https:\/\/volley.file3.wcms.tu-dresden.de\/index.php?rest_route=\/wp\/v2\/pages"}],"about":[{"href":"https:\/\/volley.file3.wcms.tu-dresden.de\/index.php?rest_route=\/wp\/v2\/types\/page"}],"author":[{"embeddable":true,"href":"https:\/\/volley.file3.wcms.tu-dresden.de\/index.php?rest_route=\/wp\/v2\/users\/3"}],"replies":[{"embeddable":true,"href":"https:\/\/volley.file3.wcms.tu-dresden.de\/index.php?rest_route=%2Fwp%2Fv2%2Fcomments&post=142"}],"version-history":[{"count":12,"href":"https:\/\/volley.file3.wcms.tu-dresden.de\/index.php?rest_route=\/wp\/v2\/pages\/142\/revisions"}],"predecessor-version":[{"id":5038,"href":"https:\/\/volley.file3.wcms.tu-dresden.de\/index.php?rest_route=\/wp\/v2\/pages\/142\/revisions\/5038"}],"wp:attachment":[{"href":"https:\/\/volley.file3.wcms.tu-dresden.de\/index.php?rest_route=%2Fwp%2Fv2%2Fmedia&parent=142"}],"curies":[{"name":"wp","href":"https:\/\/api.w.org\/{rel}","templated":true}]}}