{"id":147,"date":"2013-09-05T00:16:18","date_gmt":"2013-09-04T22:16:18","guid":{"rendered":"http:\/\/volley.file3.wcms.tu-dresden.de\/?page_id=147"},"modified":"2024-12-09T18:30:14","modified_gmt":"2024-12-09T17:30:14","slug":"hallenordnung","status":"publish","type":"page","link":"https:\/\/volley.file3.wcms.tu-dresden.de\/?page_id=147","title":{"rendered":"Hallenordnung"},"content":{"rendered":"<h5 style=\"text-align: left;\">1. Die Nutzung der Sportst\u00e4tten und Ger\u00e4te ist nur berechtigten Personen bzw. nur in Anwesenheit\u00a0eines Kursleiters gestattet. Alle genutzten Ger\u00e4te und Ausr\u00fcstungen sind nach Beendigung der\u00a0Nutzung aufzur\u00e4umen.<\/h5>\n<h5 style=\"text-align: left;\">2. Die Nutzung erfolgt laut Belegungsplan. Nutzungszeiten sind in der Regel Montag bis Freitag von\u00a09.20 Uhr bis 23.00 Uhr, am Sonntag 15.00 Uhr bis 22.00 Uhr (an Samstagen Nutzung nach\u00a0Wochenend-Belegungsplan). Das Sport-st\u00e4ttengel\u00e4nde (inklusive Innenhof und Parkplatz) ist bis\u00a023.30 bzw. 22.30 Uhr zu verlassen. Nach 22:00 Uhr ist insbesondere auf die Vermeidung von L\u00e4rm\u00a0zu achten.<\/h5>\n<h5 style=\"text-align: left;\">3. Jeder Nutzer der Sportst\u00e4tten ist zum pfleglichen Umgang mit den von ihm genutzten Ger\u00e4ten,\u00a0Einrichtungsgegenst\u00e4nden und R\u00e4umen sowie zur Ordnung und Sauberkeit verpflichtet. Das\u00a0Umkleiden hat ausschlie\u00dflich in den daf\u00fcr vorgesehenen Umkleider\u00e4umen zu erfolgen.<\/h5>\n<h5 style=\"text-align: left;\">4. W\u00e4hrend der Nutzungszeit aufgetretene bzw. festgestellte Sch\u00e4den sind dem Pf\u00f6rtner, dem\u00a0Kursleiter oder der USZ-Verwaltung (Chemnitzer Str. 48a, Telefon 463 33778) zu melden.<\/h5>\n<h5 style=\"text-align: left;\">5. Auf Verlangen haben sich die Nutzer der Sportst\u00e4tten auszuweisen (Teilnahmeticket, Studenten-\/ Lichtbildausweis).<\/h5>\n<h5 style=\"text-align: left;\">6. Mit Wasser und Energie ist sparsam umzugehen.<\/h5>\n<h5 style=\"text-align: left;\">7. In den Sportst\u00e4tten besteht Rauch- und Alkoholverbot. Der Konsum jeglicher Suchtmittel und\u00a0Drogen ist untersagt.<\/h5>\n<h5 style=\"text-align: left;\">8. Gegenst\u00e4nde aus Glas (Flaschen etc.) d\u00fcrfen nicht mit in die Sporthallen genommen werden. Der\u00a0Verzehr von Speisen ist in der Sporthalle untersagt.<\/h5>\n<h5 style=\"text-align: left;\">9. Wertsachen sind in eigener Verantwortung zu verwahren (Schlie\u00dff\u00e4cher im Foyer). F\u00fcr den\u00a0Verlust pers\u00f6nlichen Eigentums wird seitens der TU Dresden keine Haftung \u00fcbernommen.<\/h5>\n<h5 style=\"text-align: left;\">10. Bei Verst\u00f6\u00dfen gegen die Sportst\u00e4ttenordnung oder Nichtbefolgung von Weisungen des\u00a0Kursleiters sowie des Hallenpersonals kann der Nutzer der Sportst\u00e4tte verwiesen werden.<\/h5>\n<h5 style=\"text-align: left;\">11. Die Sporthallen sind ausschlie\u00dflich in sauberen, abriebfesten Sportschuhen zu betreten.\u00a0Haftmittel (au\u00dfer Kletterwand) sind nicht erlaubt.<\/h5>\n<h5 style=\"text-align: left;\">12. Schl\u00fcssel f\u00fcr die Umkleidekabinen sind gegen Hinterlegung eines Pfandes (Studentenausweis\u00a0bzw. USZ-Teilnahmeticket) beim Pf\u00f6rtner zu empfangen.<\/h5>\n<h5 style=\"text-align: left;\">13. Fu\u00dfballspielen ist nur bis auf ca. 2 m H\u00f6he gestattet.<\/h5>\n<h5 style=\"text-align: left;\">14. Halle II: Die Trennvorh\u00e4nge zwischen den einzelnen Feldern werden vom Pf\u00f6rtner bedient.<\/h5>\n<h5 style=\"text-align: left;\">15. Die Sonnenschutzrollos sind nur bei Bedarf an der ben\u00f6tigten Stelle herabzulassen und danach\u00a0wieder hochzufahren!<\/h5>\n<h5 style=\"text-align: left;\">16. Sportartspezifische Regelungen sind den entsprechenden Ordnungen zu entnehmen.<\/h5>\n<h5 style=\"text-align: left;\">17. Das n\u00e4chste Telefon f\u00fcr Notf\u00e4lle befindet sich in der Pforte bzw. im Foyer zu den Sporthallen I\/II\u00a0und der Sporthalle III. Ein Defibrillator befindet sich im Foyer der Halle I\/II.<\/h5>\n<h5 style=\"text-align: left;\">Des Weiteren gilt die vom Kanzler der TU Dresden erlassene Rahmenhausordnung.<\/h5>\n<h4 style=\"text-align: left;\">Ansprechpartner \u2013 Sportartverantwortliche:<br \/>\n<strong>Sporthalle I Herr Jan P\u00f6tschke Telefon 463 32518<\/strong><br \/>\n<strong> Sporthalle II Frau Karola Hartmann Telefon 463 35641<\/strong><br \/>\n<strong> Sporthalle III Frau Kerstin Borkenhagen Telefon 463 35454<\/strong><\/h4>\n<h4 style=\"text-align: left;\">Unisportzentrum TU Dresden<br \/>\nChemnitzer Stra\u00dfe 48a<br \/>\n01187 Dresden<\/h4>\n<h4 style=\"text-align: left;\">Ansprechpartner in Notf\u00e4llen:<br \/>\nTechnische Leitzentrale der TUD Telefon 20 000<br \/>\nNotruf Polizei Telefon 110<br \/>\nNotruf Feuerwehr Telefon 112<\/h4>\n<h4 style=\"text-align: left;\">Weitere Ansprechpartner:<br \/>\nPf\u00f6rtner Telefon 463 36103<br \/>\nHausmeister Telefon 463 36422<\/h4>\n<h4><\/h4>\n<h4 style=\"text-align: left;\">Dresden, 31.03.2017<\/h4>\n<h3 style=\"text-align: left;\"><em>A. Heinz<\/em><br \/>\n<em> Direktor USZ<\/em><\/h3>\n<p>&nbsp;<\/p>\n<p><a href=\"http:\/\/volley.file3.wcms.tu-dresden.de\/wp-content\/uploads\/2013\/09\/Sportstattenordnung_NO_SS17.pdf\">Sportst\u00e4ttenordnung<\/a>\u00a0zum Download<\/p>\n","protected":false},"excerpt":{"rendered":"<p>1. Die Nutzung der Sportst\u00e4tten und Ger\u00e4te ist nur berechtigten Personen bzw. nur in Anwesenheit\u00a0eines Kursleiters gestattet. Alle genutzten Ger\u00e4te und Ausr\u00fcstungen sind nach Beendigung der\u00a0Nutzung aufzur\u00e4umen. 2. Die Nutzung erfolgt laut Belegungsplan. Nutzungszeiten sind in der Regel Montag bis Freitag von\u00a09.20 Uhr bis 23.00 Uhr, am Sonntag 15.00 Uhr bis 22.00 Uhr (an Samstagen &hellip; <\/p>\n<p><a class=\"more-link btn\" href=\"https:\/\/volley.file3.wcms.tu-dresden.de\/?page_id=147\">Weiterlesen<\/a><\/p>\n","protected":false},"author":3,"featured_media":0,"parent":142,"menu_order":0,"comment_status":"closed","ping_status":"open","template":"","meta":{"footnotes":""},"class_list":["post-147","page","type-page","status-publish","hentry","nodate","item-wrap"],"_links":{"self":[{"href":"https:\/\/volley.file3.wcms.tu-dresden.de\/index.php?rest_route=\/wp\/v2\/pages\/147","targetHints":{"allow":["GET"]}}],"collection":[{"href":"https:\/\/volley.file3.wcms.tu-dresden.de\/index.php?rest_route=\/wp\/v2\/pages"}],"about":[{"href":"https:\/\/volley.file3.wcms.tu-dresden.de\/index.php?rest_route=\/wp\/v2\/types\/page"}],"author":[{"embeddable":true,"href":"https:\/\/volley.file3.wcms.tu-dresden.de\/index.php?rest_route=\/wp\/v2\/users\/3"}],"replies":[{"embeddable":true,"href":"https:\/\/volley.file3.wcms.tu-dresden.de\/index.php?rest_route=%2Fwp%2Fv2%2Fcomments&post=147"}],"version-history":[{"count":43,"href":"https:\/\/volley.file3.wcms.tu-dresden.de\/index.php?rest_route=\/wp\/v2\/pages\/147\/revisions"}],"predecessor-version":[{"id":3152,"href":"https:\/\/volley.file3.wcms.tu-dresden.de\/index.php?rest_route=\/wp\/v2\/pages\/147\/revisions\/3152"}],"up":[{"embeddable":true,"href":"https:\/\/volley.file3.wcms.tu-dresden.de\/index.php?rest_route=\/wp\/v2\/pages\/142"}],"wp:attachment":[{"href":"https:\/\/volley.file3.wcms.tu-dresden.de\/index.php?rest_route=%2Fwp%2Fv2%2Fmedia&parent=147"}],"curies":[{"name":"wp","href":"https:\/\/api.w.org\/{rel}","templated":true}]}}