{"id":233,"date":"2013-10-09T00:53:49","date_gmt":"2013-10-08T22:53:49","guid":{"rendered":"http:\/\/volley.file3.wcms.tu-dresden.de\/?page_id=233"},"modified":"2017-04-05T12:49:37","modified_gmt":"2017-04-05T10:49:37","slug":"uebungsleiter-werden","status":"publish","type":"page","link":"https:\/\/volley.file3.wcms.tu-dresden.de\/?page_id=233","title":{"rendered":"\u00dcbungsleiter werden"},"content":{"rendered":"<p>Um unsere Sportangebote auch weiterhin absichern und mit neuen interessanten Sportarten erweitern zu k\u00f6nnen, suchen wir st\u00e4ndig Kursleiter und solche, die es gern werden m\u00f6chten. Eine Trainer-Qualifikation zur Aufnahme dieser T\u00e4tigkeit ist nicht Bedingung.<\/p>\n<p>Ein angemessenes Kursleiterhonorar wird in einem Unterrichtsauftrag vertraglich zugesichert.<\/p>\n<p>Hier eine kleine Auflistung der vom USZ gezahlten Gelder:<\/p>\n<p>&nbsp;<\/p>\n<table width=\"600\">\n<tbody>\n<tr>\n<td style=\"border: none; padding-left: 60px;\"><strong>\u00a0\u00a0\u00a0\u00a0 Status<\/strong><\/td>\n<td style=\"border: none; padding-left: 100px;\"><strong>\u00a0\u00a0\u00a0\u00a0 Honorar<\/strong><\/td>\n<\/tr>\n<tr>\n<td style=\"border: none; padding-left: 0px;\">\n<ul>\n<li>Extern \/ MA &#8211; Trainer C \/ B<\/li>\n<li>Extern \/ MA<\/li>\n<li>Student (Bachelorabschluss) &#8211; Trainer C \/ B<\/li>\n<li>Student (Bachelorabschluss)<\/li>\n<li>Student &#8211; Trainer C \/ B<\/li>\n<li>Student<\/li>\n<\/ul>\n<\/td>\n<td style=\"border: none; padding-left: 0px;\">\n<ul>\n<li>\u00dcL = 32,10 Euro pro DS \/ SG = 10,70 Euro pro DS<\/li>\n<li>\u00dcL = 21,40 Euro pro DS \/ SG = 10,70 Euro pro DS<\/li>\n<li>\u00dcL = 23,70 Euro pro DS \/ SG = 7,90 Euro pro DS<\/li>\n<li>\u00dcL = 15,80 Euro pro DS \/ SG = 7,90 Euro pro DS<\/li>\n<li>\u00dcL = 20,10 Euro pro DS \/ SG = 6,70 Euro pro DS<\/li>\n<li>\u00dcL = 13,40 Euro pro DS \/ SG = 6,70 Euro pro DS<\/li>\n<\/ul>\n<\/td>\n<\/tr>\n<\/tbody>\n<\/table>\n<p>&nbsp;<\/p>\n<p>Als Ansprechpartner und zur Hilfestellung stehen die Sportlehrer des USZ jederzeit zur Verf\u00fcgung.<\/p>\n<p>Hier die E-Mail f\u00fcr weitere Informationen: <a href=\"mailto:univolleyball@yahoo.de\">Univolleyball@yahoo.de<\/a><\/p>\n<p>&nbsp;<\/p>\n<p>&nbsp;<\/p>\n<h2>Und so ist der Grunds\u00e4tzliche Ablauf:<\/h2>\n<p>&nbsp;<\/p>\n<ol>\n<li>Email an <a href=\"mailto:univolleyball@yahoo.de\">Gordon Lemme (Halle)<\/a>\u00a0oder\u00a0<a href=\"mailto:uniligadd@freenet.de\">Peter Hesse (Beach)<\/a>\u00a0mit dem Betreff &#8220;<strong>\u00dcbungsleiter<\/strong>&#8220;<\/li>\n<li>Inhalt:<br \/>\n&#8211; Anfrage nach \u00dcbungsleiterbedarf<br \/>\n&#8211; kurze Aussage zu Euch (Qualifikation, Status, etc.)<br \/>\n&#8211; Angaben zu Wunschzeiten und Kursen (Spielgruppe oder Kurs + Niveau)<br \/>\n&#8211; Telefonnummer f\u00fcr R\u00fcckfragen<\/li>\n<li>nach positiver Antwort <a href=\"http:\/\/volley.file3.wcms.tu-dresden.de\/wp-content\/uploads\/2017\/04\/Personalblatt-Neue-KL.doc\">Personalblatt<\/a>\u00a0ausf\u00fcllen und Wunschzeiten f\u00fcr Kurse angeben<\/li>\n<li>Abgabe Personalblatt beim USZ Dresden (Hr. Donix \/ Hr. P\u00f6tschke)<\/li>\n<li>Warten auf Versand des Kursplanes = Kurszuweisung<\/li>\n<li>Teilnahme an der \u00dcbungsleiterversammlung vor Semesterbeginn<\/li>\n<li>Vertragsunterzeichnung im USZ Dresden (Falkenbrunnen 48a) ca. 4 Wochen nach Semesterbeginn<\/li>\n<\/ol>\n<h2 style=\"text-align: center;\">Ihr seht es ist gar nicht so schwer,<\/h2>\n<h2 style=\"text-align: center;\">also traut euch und werdet \u00dcbungsleiter.<\/h2>\n<p>&nbsp;<\/p>\n","protected":false},"excerpt":{"rendered":"<p>Um unsere Sportangebote auch weiterhin absichern und mit neuen interessanten Sportarten erweitern zu k\u00f6nnen, suchen wir st\u00e4ndig Kursleiter und solche, die es gern werden m\u00f6chten. Eine Trainer-Qualifikation zur Aufnahme dieser T\u00e4tigkeit ist nicht Bedingung. Ein angemessenes Kursleiterhonorar wird in einem Unterrichtsauftrag vertraglich zugesichert. Hier eine kleine Auflistung der vom USZ gezahlten Gelder: &nbsp; \u00a0\u00a0\u00a0\u00a0 Status &hellip; <\/p>\n<p><a class=\"more-link btn\" href=\"https:\/\/volley.file3.wcms.tu-dresden.de\/?page_id=233\">Weiterlesen<\/a><\/p>\n","protected":false},"author":3,"featured_media":0,"parent":142,"menu_order":0,"comment_status":"closed","ping_status":"open","template":"","meta":{"footnotes":""},"class_list":["post-233","page","type-page","status-publish","hentry","nodate","item-wrap"],"_links":{"self":[{"href":"https:\/\/volley.file3.wcms.tu-dresden.de\/index.php?rest_route=\/wp\/v2\/pages\/233","targetHints":{"allow":["GET"]}}],"collection":[{"href":"https:\/\/volley.file3.wcms.tu-dresden.de\/index.php?rest_route=\/wp\/v2\/pages"}],"about":[{"href":"https:\/\/volley.file3.wcms.tu-dresden.de\/index.php?rest_route=\/wp\/v2\/types\/page"}],"author":[{"embeddable":true,"href":"https:\/\/volley.file3.wcms.tu-dresden.de\/index.php?rest_route=\/wp\/v2\/users\/3"}],"replies":[{"embeddable":true,"href":"https:\/\/volley.file3.wcms.tu-dresden.de\/index.php?rest_route=%2Fwp%2Fv2%2Fcomments&post=233"}],"version-history":[{"count":25,"href":"https:\/\/volley.file3.wcms.tu-dresden.de\/index.php?rest_route=\/wp\/v2\/pages\/233\/revisions"}],"predecessor-version":[{"id":7248,"href":"https:\/\/volley.file3.wcms.tu-dresden.de\/index.php?rest_route=\/wp\/v2\/pages\/233\/revisions\/7248"}],"up":[{"embeddable":true,"href":"https:\/\/volley.file3.wcms.tu-dresden.de\/index.php?rest_route=\/wp\/v2\/pages\/142"}],"wp:attachment":[{"href":"https:\/\/volley.file3.wcms.tu-dresden.de\/index.php?rest_route=%2Fwp%2Fv2%2Fmedia&parent=233"}],"curies":[{"name":"wp","href":"https:\/\/api.w.org\/{rel}","templated":true}]}}