{"id":606,"date":"2013-10-24T16:43:06","date_gmt":"2013-10-24T14:43:06","guid":{"rendered":"http:\/\/volley.file3.wcms.tu-dresden.de\/?page_id=606"},"modified":"2013-10-27T00:46:36","modified_gmt":"2013-10-26T22:46:36","slug":"gaestebuch","status":"publish","type":"page","link":"https:\/\/volley.file3.wcms.tu-dresden.de\/?page_id=606","title":{"rendered":"G\u00e4stebuch"},"content":{"rendered":"<p>Hallo liebe Uniligaspieler\/innen.<\/p>\n<p>Unsere neue Homepage w\u00e4chst und gedeiht nun seit Juli 2013. Eine Hand voll Leute k\u00fcmmert sich liebevoll um Inhalte, Tabellen und nat\u00fcrlich auch um aktuelle Belange.<\/p>\n<p>Da es trotz aller Sorgfalt immer mal zu Fehlern oder Missverst\u00e4ndnissen kommt, haben wir euch ein G\u00e4stebuch eingerichtet.<br \/>\nEs ist der richtige Platz f\u00fcr Lob, Kritik, Anregungen und nat\u00fcrlich neue Ideen.<\/p>\n<p>Posted also flei\u00dfig und seid nicht sch\u00fcchtern.<\/p>\n<p>Viel Spa\u00df<br \/>\nEure ULL<br \/>\n&nbsp;<\/p>\n","protected":false},"excerpt":{"rendered":"<p>Hallo liebe Uniligaspieler\/innen. Unsere neue Homepage w\u00e4chst und gedeiht nun seit Juli 2013. Eine Hand voll Leute k\u00fcmmert sich liebevoll um Inhalte, Tabellen und nat\u00fcrlich auch um aktuelle Belange. Da es trotz aller Sorgfalt immer mal zu Fehlern oder Missverst\u00e4ndnissen kommt, haben wir euch ein G\u00e4stebuch eingerichtet. Es ist der richtige Platz f\u00fcr Lob, Kritik, &hellip; <\/p>\n<p><a class=\"more-link btn\" href=\"https:\/\/volley.file3.wcms.tu-dresden.de\/?page_id=606\">Weiterlesen<\/a><\/p>\n","protected":false},"author":3,"featured_media":0,"parent":142,"menu_order":0,"comment_status":"closed","ping_status":"open","template":"","meta":{"footnotes":""},"class_list":["post-606","page","type-page","status-publish","hentry","nodate","item-wrap"],"_links":{"self":[{"href":"https:\/\/volley.file3.wcms.tu-dresden.de\/index.php?rest_route=\/wp\/v2\/pages\/606","targetHints":{"allow":["GET"]}}],"collection":[{"href":"https:\/\/volley.file3.wcms.tu-dresden.de\/index.php?rest_route=\/wp\/v2\/pages"}],"about":[{"href":"https:\/\/volley.file3.wcms.tu-dresden.de\/index.php?rest_route=\/wp\/v2\/types\/page"}],"author":[{"embeddable":true,"href":"https:\/\/volley.file3.wcms.tu-dresden.de\/index.php?rest_route=\/wp\/v2\/users\/3"}],"replies":[{"embeddable":true,"href":"https:\/\/volley.file3.wcms.tu-dresden.de\/index.php?rest_route=%2Fwp%2Fv2%2Fcomments&post=606"}],"version-history":[{"count":10,"href":"https:\/\/volley.file3.wcms.tu-dresden.de\/index.php?rest_route=\/wp\/v2\/pages\/606\/revisions"}],"predecessor-version":[{"id":685,"href":"https:\/\/volley.file3.wcms.tu-dresden.de\/index.php?rest_route=\/wp\/v2\/pages\/606\/revisions\/685"}],"up":[{"embeddable":true,"href":"https:\/\/volley.file3.wcms.tu-dresden.de\/index.php?rest_route=\/wp\/v2\/pages\/142"}],"wp:attachment":[{"href":"https:\/\/volley.file3.wcms.tu-dresden.de\/index.php?rest_route=%2Fwp%2Fv2%2Fmedia&parent=606"}],"curies":[{"name":"wp","href":"https:\/\/api.w.org\/{rel}","templated":true}]}}