{"id":6995,"date":"2024-02-29T19:29:19","date_gmt":"2024-02-29T19:29:19","guid":{"rendered":"https:\/\/volley.file3.wcms.tu-dresden.de\/?page_id=6995"},"modified":"2024-04-12T15:06:09","modified_gmt":"2024-04-12T13:06:09","slug":"sololiga","status":"publish","type":"page","link":"https:\/\/volley.file3.wcms.tu-dresden.de\/?page_id=6995","title":{"rendered":"Solo-Liga WiSe 2023\/24"},"content":{"rendered":"\n<p>Im Zeitraum vom 07.02. bis 27.03.2024 findet jeden Mittwoch von 18:30 bis ca. 22:00 Uhr die Solo-Liga statt. Zu dieser darf jeder, der im Kurs eingetragen ist kommen und mitspielen. Vor Ort werden Mannschaften gelost. Jede:r Mitspieler:in erh\u00e4lt die mit der Mannschaft gewonnenen\/verlorenen S\u00e4tze auf das eigene Konto. Nach 2 teilgenommenen Spieltagen erhaltet ihr eine Platzierung in der Rangliste.<\/p>\n\n\n\n<p>Tragt euch bitte in der <a href=\"https:\/\/dud-poll.inf.tu-dresden.de\/solo-liga-ws24\/\" data-type=\"URL\" data-id=\"https:\/\/dud-poll.inf.tu-dresden.de\/solo-liga-ws24\/\">dudle-Liste<\/a> an den Terminen ein, an denen ihr dabei seid. Das hiflft uns in der Planung. Nat\u00fcrlich k\u00f6nnt ihr auch spontan zu den Terminen kommen, ohne in der dudle-Liste zu stehen. Sollte es sehr voll werden, h\u00e4tten die Personen Vorrang, die fr\u00fchzeitig in der Liste standen.<\/p>\n\n\n\n<p>Unter dem folgende <a href=\"https:\/\/padlet.com\/carolinakolodziej\/solo-liga-gruppenzusammensetzungen-cz6264c1r95tb12f\" data-type=\"URL\" data-id=\"https:\/\/padlet.com\/carolinakolodziej\/solo-liga-gruppenzusammensetzungen-cz6264c1r95tb12f\">Link<\/a> k\u00f6nnt ihr euch jeweils zum aktuellen Spieltag in die einzelnen zugelosten Mannschaften eintragen. <\/p>\n\n\n\n<h3 class=\"wp-block-heading has-text-align-center\">Tabelle<\/h3>\n\n\n\n<figure class=\"wp-block-image size-large\"><a href=\"https:\/\/volley.file3.wcms.tu-dresden.de\/wp-content\/uploads\/2024\/03\/Solo-Liga-Tabelle_03-18.jpg\"><img loading=\"lazy\" decoding=\"async\" width=\"982\" height=\"1024\" src=\"https:\/\/volley.file3.wcms.tu-dresden.de\/wp-content\/uploads\/2024\/03\/Solo-Liga-Tabelle_03-18-982x1024.jpg\" alt=\"\" class=\"wp-image-7081\" srcset=\"https:\/\/volley.file3.wcms.tu-dresden.de\/wp-content\/uploads\/2024\/03\/Solo-Liga-Tabelle_03-18-982x1024.jpg 982w, https:\/\/volley.file3.wcms.tu-dresden.de\/wp-content\/uploads\/2024\/03\/Solo-Liga-Tabelle_03-18-288x300.jpg 288w, https:\/\/volley.file3.wcms.tu-dresden.de\/wp-content\/uploads\/2024\/03\/Solo-Liga-Tabelle_03-18-768x800.jpg 768w, https:\/\/volley.file3.wcms.tu-dresden.de\/wp-content\/uploads\/2024\/03\/Solo-Liga-Tabelle_03-18-1474x1536.jpg 1474w, https:\/\/volley.file3.wcms.tu-dresden.de\/wp-content\/uploads\/2024\/03\/Solo-Liga-Tabelle_03-18-1965x2048.jpg 1965w, https:\/\/volley.file3.wcms.tu-dresden.de\/wp-content\/uploads\/2024\/03\/Solo-Liga-Tabelle_03-18-310x323.jpg 310w, https:\/\/volley.file3.wcms.tu-dresden.de\/wp-content\/uploads\/2024\/03\/Solo-Liga-Tabelle_03-18-60x63.jpg 60w, https:\/\/volley.file3.wcms.tu-dresden.de\/wp-content\/uploads\/2024\/03\/Solo-Liga-Tabelle_03-18-123x128.jpg 123w, https:\/\/volley.file3.wcms.tu-dresden.de\/wp-content\/uploads\/2024\/03\/Solo-Liga-Tabelle_03-18-32x32.jpg 32w, https:\/\/volley.file3.wcms.tu-dresden.de\/wp-content\/uploads\/2024\/03\/Solo-Liga-Tabelle_03-18-610x636.jpg 610w\" sizes=\"auto, (max-width: 982px) 100vw, 982px\" \/><\/a><\/figure>\n","protected":false},"excerpt":{"rendered":"<p>Im Zeitraum vom 07.02. bis 27.03.2024 findet jeden Mittwoch von 18:30 bis ca. 22:00 Uhr die Solo-Liga statt. Zu dieser darf jeder, der im Kurs eingetragen ist kommen und mitspielen. Vor Ort werden Mannschaften gelost. Jede:r Mitspieler:in erh\u00e4lt die mit der Mannschaft gewonnenen\/verlorenen S\u00e4tze auf das eigene Konto. Nach 2 teilgenommenen Spieltagen erhaltet ihr eine &hellip; <\/p>\n<p><a class=\"more-link btn\" href=\"https:\/\/volley.file3.wcms.tu-dresden.de\/?page_id=6995\">Weiterlesen<\/a><\/p>\n","protected":false},"author":25,"featured_media":0,"parent":0,"menu_order":0,"comment_status":"closed","ping_status":"closed","template":"","meta":{"footnotes":""},"class_list":["post-6995","page","type-page","status-publish","hentry","nodate","item-wrap"],"_links":{"self":[{"href":"https:\/\/volley.file3.wcms.tu-dresden.de\/index.php?rest_route=\/wp\/v2\/pages\/6995","targetHints":{"allow":["GET"]}}],"collection":[{"href":"https:\/\/volley.file3.wcms.tu-dresden.de\/index.php?rest_route=\/wp\/v2\/pages"}],"about":[{"href":"https:\/\/volley.file3.wcms.tu-dresden.de\/index.php?rest_route=\/wp\/v2\/types\/page"}],"author":[{"embeddable":true,"href":"https:\/\/volley.file3.wcms.tu-dresden.de\/index.php?rest_route=\/wp\/v2\/users\/25"}],"replies":[{"embeddable":true,"href":"https:\/\/volley.file3.wcms.tu-dresden.de\/index.php?rest_route=%2Fwp%2Fv2%2Fcomments&post=6995"}],"version-history":[{"count":10,"href":"https:\/\/volley.file3.wcms.tu-dresden.de\/index.php?rest_route=\/wp\/v2\/pages\/6995\/revisions"}],"predecessor-version":[{"id":7133,"href":"https:\/\/volley.file3.wcms.tu-dresden.de\/index.php?rest_route=\/wp\/v2\/pages\/6995\/revisions\/7133"}],"wp:attachment":[{"href":"https:\/\/volley.file3.wcms.tu-dresden.de\/index.php?rest_route=%2Fwp%2Fv2%2Fmedia&parent=6995"}],"curies":[{"name":"wp","href":"https:\/\/api.w.org\/{rel}","templated":true}]}}