{"id":7043,"date":"2024-11-26T23:49:49","date_gmt":"2024-11-26T22:49:49","guid":{"rendered":"https:\/\/volley.file3.wcms.tu-dresden.de\/?page_id=7043"},"modified":"2025-01-10T14:45:37","modified_gmt":"2025-01-10T13:45:37","slug":"neujahrsturnier-2025","status":"publish","type":"page","link":"https:\/\/volley.file3.wcms.tu-dresden.de\/?page_id=7043","title":{"rendered":"Neujahrsturnier 2025"},"content":{"rendered":"\n<h4 class=\"wp-block-heading\">Samstag, 11.01.2025 und Sonntag, 12.01.2025<\/h4>\n\n\n\n<h4 class=\"wp-block-heading\">Ablauf Samstag:<\/h4>\n\n\n\n<div class=\"wp-block-columns is-layout-flex wp-container-core-columns-is-layout-9d6595d7 wp-block-columns-is-layout-flex\">\n<div class=\"wp-block-column is-layout-flow wp-block-column-is-layout-flow\">\n<h4 class=\"wp-block-heading\">Vormittags<\/h4>\n\n\n\n<ul class=\"wp-block-list\">\n<li>8:30 Uhr Einlass<\/li>\n\n\n\n<li>bis 8:45 Uhr Anmeldung bei der Turnierleitung<\/li>\n\n\n\n<li>8:45 Uhr Turnierer\u00f6ffnung<\/li>\n\n\n\n<li>9:00 Uhr Start erstes Spiel<\/li>\n\n\n\n<li>Ende gegen 16:00 Uhr <\/li>\n<\/ul>\n<\/div>\n\n\n\n<div class=\"wp-block-column is-layout-flow wp-block-column-is-layout-flow\">\n<h4 class=\"wp-block-heading\">Nachmittags<\/h4>\n\n\n\n<ul class=\"wp-block-list\">\n<li>15:15 Uhr Einlass<\/li>\n\n\n\n<li>bis 15:30 Uhr Anmeldung bei der Turnierleitung<\/li>\n\n\n\n<li>15:40 Uhr Turnierer\u00f6ffnung<\/li>\n\n\n\n<li>15:50 Uhr Start erster Spiel<\/li>\n\n\n\n<li>Ende gegen 23:00 Uhr<\/li>\n<\/ul>\n<\/div>\n<\/div>\n\n\n\n<h4 class=\"wp-block-heading\">Mannschaftsaufteilung Samstag<\/h4>\n\n\n\n<div class=\"wp-block-columns is-layout-flex wp-container-core-columns-is-layout-9d6595d7 wp-block-columns-is-layout-flex\">\n<div class=\"wp-block-column is-layout-flow wp-block-column-is-layout-flow\">\n<h4 class=\"wp-block-heading\">Vormittags<\/h4>\n\n\n\n<ul class=\"wp-block-list\">\n<li>Tiefflieger<\/li>\n\n\n\n<li>Feuerwerk am Netz<\/li>\n\n\n\n<li>Ballerm\u00e4nner- und frauen<\/li>\n\n\n\n<li>Warum liegt hier Sand?<\/li>\n\n\n\n<li>Blockparty<\/li>\n\n\n\n<li>Allstars<\/li>\n\n\n\n<li>Makr Forster<\/li>\n\n\n\n<li>How I set your mother<\/li>\n\n\n\n<li>White Trash<\/li>\n\n\n\n<li>Chaos am Netz<\/li>\n\n\n\n<li>Linhsensuppe<\/li>\n\n\n\n<li>Ball Banditen<\/li>\n\n\n\n<li>Bob Tschigerillo Fan Group<\/li>\n\n\n\n<li>Freibier auf Feld 3<\/li>\n\n\n\n<li>Volleyb\u00e4renbande<\/li>\n\n\n\n<li>Massive Verwirrung<\/li>\n\n\n\n<li>F\u00fcr Rum und Ehre<\/li>\n\n\n\n<li>Blockoholics<\/li>\n<\/ul>\n<\/div>\n\n\n\n<div class=\"wp-block-column is-layout-flow wp-block-column-is-layout-flow\">\n<h4 class=\"wp-block-heading\">Nachmittags<\/h4>\n\n\n\n<ul class=\"wp-block-list\">\n<li>Team Geist<\/li>\n\n\n\n<li>? Ball \u00fcber die Schnur<\/li>\n\n\n\n<li>RacletteRaketen<\/li>\n\n\n\n<li>Blue Lock<\/li>\n\n\n\n<li>Mir egal frag Arne<\/li>\n\n\n\n<li>Stiftung Wadentest<\/li>\n\n\n\n<li>Schlechtschmetterfront<\/li>\n\n\n\n<li>VC blaues Moped<\/li>\n\n\n\n<li>Happy Hippos<\/li>\n\n\n\n<li>Nichts lernen nur spielen GmbH<\/li>\n\n\n\n<li>Eintracht Schwachschaft<\/li>\n\n\n\n<li>oiled up and ready to go<\/li>\n\n\n\n<li>Letsfetz<\/li>\n\n\n\n<li>Angriffsbagger<\/li>\n\n\n\n<li>Pritsch Perfekt<\/li>\n\n\n\n<li>Propangaspandas<\/li>\n\n\n\n<li>Knallerbsen<\/li>\n\n\n\n<li>Addicted Drivers<\/li>\n<\/ul>\n<\/div>\n<\/div>\n\n\n\n<h4 class=\"wp-block-heading\">Ablauf Sonntag<\/h4>\n\n\n\n<div class=\"wp-block-columns is-layout-flex wp-container-core-columns-is-layout-9d6595d7 wp-block-columns-is-layout-flex\">\n<div class=\"wp-block-column is-layout-flow wp-block-column-is-layout-flow\">\n<h4 class=\"wp-block-heading\">Low<\/h4>\n\n\n\n<ul class=\"wp-block-list\">\n<li>8:30 Uhr Einlass und Anmeldung<\/li>\n\n\n\n<li>8:45 Uhr Turnierer\u00f6ffnung<\/li>\n\n\n\n<li>9:00 Uhr Start erstes Spiel<\/li>\n\n\n\n<li>ca. 13:20 Uhr Siegerehrung<\/li>\n\n\n\n<li>Ende gegen 13:30 Uhr<\/li>\n<\/ul>\n<\/div>\n\n\n\n<div class=\"wp-block-column is-layout-flow wp-block-column-is-layout-flow\">\n<h4 class=\"wp-block-heading\">Middle<\/h4>\n\n\n\n<ul class=\"wp-block-list\">\n<li>12:45 Uhr Einlass und Anmeldung<\/li>\n\n\n\n<li>13:00 Uhr Turnierer\u00f6ffnung<\/li>\n\n\n\n<li>13:30 Uhr Start erstes Spiel<\/li>\n\n\n\n<li>ca. 17:50 Uhr Siegerehrung<\/li>\n\n\n\n<li>Ende gegen 18:00 Uhr <\/li>\n<\/ul>\n<\/div>\n\n\n\n<div class=\"wp-block-column is-layout-flow wp-block-column-is-layout-flow\">\n<h4 class=\"wp-block-heading\">High<\/h4>\n\n\n\n<ul class=\"wp-block-list\">\n<li>17:15 Uhr Einlass und Anmeldung<\/li>\n\n\n\n<li>17:30 Uhr Turnierer\u00f6ffnung<\/li>\n\n\n\n<li>18:00 Uhr Start erster Spiel<\/li>\n\n\n\n<li>ca. 22:20 Uhr Siegerehrung<\/li>\n\n\n\n<li>Ende gegen ca. 22:30 Uhr<\/li>\n<\/ul>\n<\/div>\n<\/div>\n\n\n\n<h4 class=\"wp-block-heading\">Ort:<\/h4>\n\n\n\n<ul class=\"wp-block-list\">\n<li><a href=\"https:\/\/www.google.de\/maps\/place\/TUD+Sporthallen+N%C3%B6thnitzer+Str.60A\/@51.0248477,13.7248869,17.79z\/data=!4m6!3m5!1s0x4709c59502dcfd0f:0xaf775460f53084fc!8m2!3d51.024705!4d13.7238443!16s%2Fg%2F11gg6c0q9g?entry=ttu\" target=\"_blank\" rel=\"noreferrer noopener\">TUD Sporthallen N\u00f6thnitzer Stra\u00dfe 60 a, Dresden<\/a><\/li>\n<\/ul>\n\n\n\n<h4 class=\"wp-block-heading\">Hinweise:<\/h4>\n\n\n\n<ul class=\"wp-block-list\">\n<li>Gespielt wird nach den Spielregeln des DVV (keine Hochschulliga Regeln)<\/li>\n\n\n\n<li>Mixed mit 6 Spieler:innen auf dem Feld, davon mindestens 2 Damen<\/li>\n\n\n\n<li>Je Mannschaft max. 10 Spieler:innen<\/li>\n<\/ul>\n\n\n\n<h4 class=\"wp-block-heading\">Anmeldung:<\/h4>\n\n\n\n<p>per Mail an: <a href=\"mailto:carolina.kolodziej@tu-dresden.de\">carolina.kolodziej@tu-dresden.de<\/a><\/p>\n\n\n\n<ol class=\"wp-block-list\">\n<li>Teamname<\/li>\n\n\n\n<li>Pr\u00e4ferenz der Gruppe am Samstag (egal\/ Vormittag\/ Nachmittag)<\/li>\n\n\n\n<li>Spielerliste (kann bis zum 03.01.2024 nachgereicht werden)<\/li>\n<\/ol>\n\n\n\n<ul class=\"wp-block-list\">\n<li>Ihr erhaltet eine Meldebest\u00e4tigung mit 2 Passw\u00f6rtern.<\/li>\n\n\n\n<li>Startgeld: Je Mannschaft meldet sich die Person der Anmeldung in den DHSZ Kurs \u201e<a href=\"https:\/\/www.dhsz.tu-dresden.de\/angebote\/aktueller_zeitraum\/_Volleyball_-_Veranstaltungen.html\">Neujahrsturnier Startgeld pro Mannschaft<\/a>\u201c an. Hier\u00fcber ist das Startgeld in H\u00f6he von 25 EUR innerhalb von 3 Tagen zu zahlen. (Passwort 1)<\/li>\n\n\n\n<li>Spielerliste bis 03.01.2025 an <a href=\"mailto:carolina.kolodziej@tu-dresden.de\">carolina.kolodziej@tu-dresden.de<\/a><\/li>\n\n\n\n<li>Alle Spieler\/innen sind aus Versicherungsgr\u00fcnden verpflichtet sich zu dem DHSZ Kurs \u201e<a href=\"https:\/\/www.dhsz.tu-dresden.de\/angebote\/aktueller_zeitraum\/_Volleyball_-_Veranstaltungen.html\">Neujahrsturnier Teilnahme<\/a>\u201c einzuschreiben! (Passwort 2)<\/li>\n<\/ul>\n\n\n\n<p>Wir versuchen eure Pr\u00e4ferenz f\u00fcr Samstag nachzukommen, k\u00f6nnen es aber nicht garantieren.<\/p>\n\n\n\n<p><strong><em>Jede Mannschaft bringt bitte an beiden Tagen je einen Kuchen, Salat oder \u00e4hnliches f\u00fcr das Buffet mit. Denkt bitte selbst an Teller und Besteck, im Sinne der Umwelt.<\/em><\/strong><\/p>\n","protected":false},"excerpt":{"rendered":"<p>Samstag, 11.01.2025 und Sonntag, 12.01.2025 Ablauf Samstag: Vormittags Nachmittags Mannschaftsaufteilung Samstag Vormittags Nachmittags Ablauf Sonntag Low Middle High Ort: Hinweise: Anmeldung: per Mail an: carolina.kolodziej@tu-dresden.de Wir versuchen eure Pr\u00e4ferenz f\u00fcr Samstag nachzukommen, k\u00f6nnen es aber nicht garantieren. Jede Mannschaft bringt bitte an beiden Tagen je einen Kuchen, Salat oder \u00e4hnliches f\u00fcr das Buffet mit. Denkt &hellip; <\/p>\n<p><a class=\"more-link btn\" href=\"https:\/\/volley.file3.wcms.tu-dresden.de\/?page_id=7043\">Weiterlesen<\/a><\/p>\n","protected":false},"author":25,"featured_media":0,"parent":0,"menu_order":0,"comment_status":"closed","ping_status":"closed","template":"","meta":{"footnotes":""},"class_list":["post-7043","page","type-page","status-publish","hentry","nodate","item-wrap"],"_links":{"self":[{"href":"https:\/\/volley.file3.wcms.tu-dresden.de\/index.php?rest_route=\/wp\/v2\/pages\/7043","targetHints":{"allow":["GET"]}}],"collection":[{"href":"https:\/\/volley.file3.wcms.tu-dresden.de\/index.php?rest_route=\/wp\/v2\/pages"}],"about":[{"href":"https:\/\/volley.file3.wcms.tu-dresden.de\/index.php?rest_route=\/wp\/v2\/types\/page"}],"author":[{"embeddable":true,"href":"https:\/\/volley.file3.wcms.tu-dresden.de\/index.php?rest_route=\/wp\/v2\/users\/25"}],"replies":[{"embeddable":true,"href":"https:\/\/volley.file3.wcms.tu-dresden.de\/index.php?rest_route=%2Fwp%2Fv2%2Fcomments&post=7043"}],"version-history":[{"count":9,"href":"https:\/\/volley.file3.wcms.tu-dresden.de\/index.php?rest_route=\/wp\/v2\/pages\/7043\/revisions"}],"predecessor-version":[{"id":8818,"href":"https:\/\/volley.file3.wcms.tu-dresden.de\/index.php?rest_route=\/wp\/v2\/pages\/7043\/revisions\/8818"}],"wp:attachment":[{"href":"https:\/\/volley.file3.wcms.tu-dresden.de\/index.php?rest_route=%2Fwp%2Fv2%2Fmedia&parent=7043"}],"curies":[{"name":"wp","href":"https:\/\/api.w.org\/{rel}","templated":true}]}}