{"id":7044,"date":"2024-11-14T18:13:18","date_gmt":"2024-11-14T17:13:18","guid":{"rendered":"https:\/\/volley.file3.wcms.tu-dresden.de\/?page_id=7044"},"modified":"2024-12-09T00:10:46","modified_gmt":"2024-12-08T23:10:46","slug":"weihnachtsturnier-2024","status":"publish","type":"page","link":"https:\/\/volley.file3.wcms.tu-dresden.de\/?page_id=7044","title":{"rendered":"Weihnachtsturnier 2024"},"content":{"rendered":"\n<p><mark style=\"background-color:rgba(0, 0, 0, 0)\" class=\"has-inline-color has-vivid-red-color\"><strong>Alle Startpl\u00e4tze f\u00fcr das Weihnachtsturnier sind gef\u00fcllt und auch die Warteliste ist schon lang, deshalb nehmen wir derzeit keine weiteren Anmeldungen mehr entgegen<\/strong><\/mark><\/p>\n\n\n\n<p>Ho Ho Ho \u2013 Die Weihnachtszeit n\u00e4hert sich in schnellen Z\u00fcgen und wir wollen, bevor alle zu ihren Liebsten fahren, ein kleines Weihnachtsturnier veranstalten.<\/p>\n\n\n\n<h4 class=\"wp-block-heading\">Dienstag, 17.12.2024 13:00 bis 22:00 Uhr<\/h4>\n\n\n\n<ul class=\"wp-block-list\">\n<li>12:30 Uhr Einlass und Einspielen<\/li>\n\n\n\n<li>Bis 13:00 Uhr Anmeldung und Auslosung<\/li>\n\n\n\n<li>13:15 Uhr Turnierer\u00f6ffnung<\/li>\n\n\n\n<li>13:30 Uhr Anpfiff erstes Spiel<\/li>\n\n\n\n<li>ca. 22:00 Uhr Turnierabschluss und Siegerehrung<\/li>\n\n\n\n<li>danach Jahresabschluss beim Dersim<\/li>\n<\/ul>\n\n\n\n<h4 class=\"wp-block-heading\">Ort:<\/h4>\n\n\n\n<ul class=\"wp-block-list\">\n<li><a href=\"https:\/\/www.google.de\/maps\/place\/TUD+Sporthallen+N%C3%B6thnitzer+Str.60A\/@51.0248477,13.7248869,17.79z\/data=!4m6!3m5!1s0x4709c59502dcfd0f:0xaf775460f53084fc!8m2!3d51.024705!4d13.7238443!16s%2Fg%2F11gg6c0q9g?entry=ttu\" target=\"_blank\" rel=\"noreferrer noopener\">TUD Sporthallen N\u00f6thnitzer Stra\u00dfe 60a &#8211; Halle 2<\/a><\/li>\n<\/ul>\n\n\n\n<h4 class=\"wp-block-heading\">Hinweise:<\/h4>\n\n\n\n<ul class=\"wp-block-list\">\n<li>Gespielt wird nach den Spielregeln des DVV (keine Hochschulliga Regeln)<\/li>\n\n\n\n<li>Mixed mit mindestens 2 Damen<\/li>\n\n\n\n<li>Maximal 16 Mannschaften<\/li>\n\n\n\n<li>Je Mannschaft max. 10 Spieler:innen<\/li>\n<\/ul>\n\n\n\n<h4 class=\"wp-block-heading\">Anmeldung:<\/h4>\n\n\n\n<ul class=\"wp-block-list\">\n<li>Anmeldung einer Mannschaft mit Teamname an: <a href=\"mailto:carolina.kolodziej@tu-dresden.de\">carolina.kolodziej@tu-dresden.de<\/a><\/li>\n\n\n\n<li>Ihr erhaltet eine Meldebest\u00e4tigung mit 2 Passw\u00f6rtern<\/li>\n\n\n\n<li>Startgeld: Je Mannschaft meldet sich die Person der Anmeldung in den DHSZ Kurs \u201e<a href=\"https:\/\/www.dhsz.tu-dresden.de\/angebote\/aktueller_zeitraum\/_Volleyball.html\">Weihnachtsturnier Startgeld<\/a>\u201c an. Hier\u00fcber ist das Startgeld in H\u00f6he von 15 EUR innerhalb von 3 Tagen zu zahlen. (Passwort 1)<\/li>\n\n\n\n<li>Mannschaftsliste bis 16.12.2024 an <a href=\"mailto:carolina.kolodziej@tu-dresden.de\">carolina.kolodziej@tu-dresden.de<\/a><\/li>\n\n\n\n<li>Alle Spieler:innen sind aus Versicherungsgr\u00fcnden verpflichtet sich zu dem DHSZ Kurs \u201e<a href=\"https:\/\/www.dhsz.tu-dresden.de\/angebote\/aktueller_zeitraum\/_Volleyball.html\">Weihnachtsturnier Teilnehmende<\/a>\u201c einzuschreiben! (Passwort 2)<\/li>\n<\/ul>\n\n\n\n<p><strong>Jede Mannschaft bringt bitte einen Kuchen, Salat oder \u00e4hnliches f\u00fcr das Buffet mit (gerne im Sinne der Weihnachtszeit). Denkt bitte selbst an Teller und Besteck, im Sinne der Umwelt.<\/strong><\/p>\n\n\n\n<h4 class=\"wp-block-heading\">Gemeldete Mannschaften (Stand: 09.12.2024)<\/h4>\n\n\n\n<ol class=\"wp-block-list\">\n<li>Knallerbsen<\/li>\n\n\n\n<li>Die Lieblingsgl\u00f6ckchen<\/li>\n\n\n\n<li>Happy Hippos<\/li>\n\n\n\n<li>Die Bestechenden<\/li>\n\n\n\n<li>Ball Banditen<\/li>\n\n\n\n<li>Blockparty<\/li>\n\n\n\n<li>ZapZarap<\/li>\n\n\n\n<li>Chaos am Netz<\/li>\n\n\n\n<li>Schlechtschmetterfront<\/li>\n\n\n\n<li>Bodo mit dem Bagger<\/li>\n\n\n\n<li>Rapunzels Geiselnehmer<\/li>\n\n\n\n<li>Netzwerktechnik<\/li>\n\n\n\n<li>Warum liegt hier Sand?<\/li>\n\n\n\n<li>TuttiFrutti<\/li>\n\n\n\n<li>Die ohne Teamnamen<\/li>\n\n\n\n<li>Die Zauberer von Oz<\/li>\n<\/ol>\n\n\n\n<p>    * Startgeb\u00fchr ist noch zu zahlen<\/p>\n\n\n\n<p>Warteliste:<\/p>\n\n\n\n<ul class=\"wp-block-list\">\n<li>Ballerm\u00e4nner und -frauen<\/li>\n\n\n\n<li>Tiefflieger<\/li>\n\n\n\n<li>Allstars<\/li>\n\n\n\n<li>Arkas Spor<\/li>\n<\/ul>\n","protected":false},"excerpt":{"rendered":"<p>Alle Startpl\u00e4tze f\u00fcr das Weihnachtsturnier sind gef\u00fcllt und auch die Warteliste ist schon lang, deshalb nehmen wir derzeit keine weiteren Anmeldungen mehr entgegen Ho Ho Ho \u2013 Die Weihnachtszeit n\u00e4hert sich in schnellen Z\u00fcgen und wir wollen, bevor alle zu ihren Liebsten fahren, ein kleines Weihnachtsturnier veranstalten. Dienstag, 17.12.2024 13:00 bis 22:00 Uhr Ort: Hinweise: &hellip; <\/p>\n<p><a class=\"more-link btn\" href=\"https:\/\/volley.file3.wcms.tu-dresden.de\/?page_id=7044\">Weiterlesen<\/a><\/p>\n","protected":false},"author":25,"featured_media":0,"parent":0,"menu_order":0,"comment_status":"closed","ping_status":"closed","template":"","meta":{"footnotes":""},"class_list":["post-7044","page","type-page","status-publish","hentry","nodate","item-wrap"],"_links":{"self":[{"href":"https:\/\/volley.file3.wcms.tu-dresden.de\/index.php?rest_route=\/wp\/v2\/pages\/7044","targetHints":{"allow":["GET"]}}],"collection":[{"href":"https:\/\/volley.file3.wcms.tu-dresden.de\/index.php?rest_route=\/wp\/v2\/pages"}],"about":[{"href":"https:\/\/volley.file3.wcms.tu-dresden.de\/index.php?rest_route=\/wp\/v2\/types\/page"}],"author":[{"embeddable":true,"href":"https:\/\/volley.file3.wcms.tu-dresden.de\/index.php?rest_route=\/wp\/v2\/users\/25"}],"replies":[{"embeddable":true,"href":"https:\/\/volley.file3.wcms.tu-dresden.de\/index.php?rest_route=%2Fwp%2Fv2%2Fcomments&post=7044"}],"version-history":[{"count":13,"href":"https:\/\/volley.file3.wcms.tu-dresden.de\/index.php?rest_route=\/wp\/v2\/pages\/7044\/revisions"}],"predecessor-version":[{"id":8780,"href":"https:\/\/volley.file3.wcms.tu-dresden.de\/index.php?rest_route=\/wp\/v2\/pages\/7044\/revisions\/8780"}],"wp:attachment":[{"href":"https:\/\/volley.file3.wcms.tu-dresden.de\/index.php?rest_route=%2Fwp%2Fv2%2Fmedia&parent=7044"}],"curies":[{"name":"wp","href":"https:\/\/api.w.org\/{rel}","templated":true}]}}