{"id":8039,"date":"2024-10-14T23:13:23","date_gmt":"2024-10-14T21:13:23","guid":{"rendered":"https:\/\/volley.file3.wcms.tu-dresden.de\/?page_id=8039"},"modified":"2025-10-26T13:20:52","modified_gmt":"2025-10-26T12:20:52","slug":"regeln","status":"publish","type":"page","link":"https:\/\/volley.file3.wcms.tu-dresden.de\/?page_id=8039","title":{"rendered":"Regeln"},"content":{"rendered":"\n<h3 class=\"wp-block-heading\"><strong>Regeln der Hochschulliga Volleyball in Dresden<\/strong><\/h3>\n\n\n\n<p><strong>Regeln der Hochschulliga Volleyball in Dresden<\/strong><\/p>\n\n\n\n<p><strong>1 Allgemeines<\/strong><\/p>\n\n\n\n<p>1.1 Alle Spiele finden unter dem Leitmotiv des sportlichen Fair Play statt.<\/p>\n\n\n\n<p>1.2 Wenn nicht anders aufgef\u00fchrt, gelten die Regeln des DVV.<\/p>\n\n\n\n<p>1.3 Mit der Teilnahme an der Hochschulliga erkennen alle Teilnehmenden die allgemeinen&nbsp;Nutzungsbedingungen des DHSZ Dresden f\u00fcr die TH N\u00f6thnitzer Stra\u00dfe an.<\/p>\n\n\n\n<p>1.4 Die Hochschulliga besteht, je nach Anzahl gemeldeter Teams, aus den folgenden Ligen:<\/p>\n\n\n\n<ul class=\"wp-block-list\">\n<li><em>oberste Liga = HIGH<\/em><\/li>\n\n\n\n<li><em>zweite Liga = MIDDLE<\/em><\/li>\n\n\n\n<li><em>tiefste Liga = LOW<\/em><\/li>\n<\/ul>\n\n\n\n<p><strong>2 Saisonstart<\/strong><\/p>\n\n\n\n<p>2.1 Saisoner\u00f6ffnung ist das \u201eSammeln der Kr\u00e4fte\u201c. Das Datum wird auf der DHSZ Homepage in der Kursbeschreibung und der Homepage f\u00fcr Hochschulvolleyball bekannt gegeben.<\/p>\n\n\n\n<p>2.2 Je nach Bedarf werden Einzelspieler:innen beim \u201eSammeln der Kr\u00e4fte\u201c auf die Mannschaften verteilt oder bilden bei gen\u00fcgender Anzahl eine neue Mannschaft. Die maximale Anzahl an teilnehmenden Mannschaften ist dabei begrenzt.<\/p>\n\n\n\n<p>2.3 Eine neu gemeldete Mannschaft startet in der tiefsten Liga. Wenn es einen Relegationsspieltag gibt, kann die Mannschaft hier um einen freien Platz in der gew\u00fcnschten Liga spielen.<\/p>\n\n\n\n<p>2.4 Eine Mannschaft, die eine\/mehrere Saisons pausiert hat und in einer h\u00f6heren Liga als der LOW wieder einsteigen will, muss ebenfalls in der Relegation um diesen Platz spielen.<\/p>\n\n\n\n<p>2.5 Zum \u201eSammeln der Kr\u00e4fte\u201c muss jede Mannschaft durch mind. eine:n Mannschaftsverantwortliche:n vertreten sein.<\/p>\n\n\n\n<p>2.6 Das Spielsystem und der Spielrhythmus der einzelnen Ligen wird nach dem \u201eSammeln der Kr\u00e4fte\u201c festgelegt. Die Ansetzungen werden von der HSL-Leitung an die Mannschaftsverantwortlichen per Mail gesendet und auf der Homepage des Hochschulvolleyballs ver\u00f6ffentlicht.<\/p>\n\n\n\n<p><strong>3 Teilnahmegeb\u00fchr<\/strong><\/p>\n\n\n\n<p>3.1 Jeder Teilnehmende an der Hochschulliga  muss sich beim DHSZ f\u00fcr den Kurs &#8220;Spielgruppe Hochschulliga&#8221; einschreiben und den Teilnahmebetrag in H\u00f6he von 10 \u20ac innerhalb von 3 Tagen bezahlen.<\/p>\n\n\n\n<p><strong>4 Teilnehmende<\/strong><\/p>\n\n\n\n<p>4.1 Am Spielbetrieb teilnehmen d\u00fcrfen nur Spieler:innen, die im Kurs ordnungsgem\u00e4\u00df eingeschrieben sind, den Kursbeitrag bezahlt haben und in der Mannschaftsliste gemeldet sind.<\/p>\n\n\n\n<p>4.2 Eine Mannschaft besteht aus h\u00f6chstens 12 Spieler:innen. Diese m\u00fcssen vom Mannschaftsverantwortlichen in einer Mannschaftsliste (formlos) benannt werden. Die Mannschaftsliste ist vor dem ersten Spieltag an die HSL-Leitung zu senden. Das Nachmelden ist m\u00f6glich (siehe Punkt 5.1), die Anzahl von 12 Spieler:innen darf dabei nicht \u00fcberschritten werden. Das Abmelden bzw. Streichen eines:r Spielers:in erfolgt nur bei begr\u00fcndeten F\u00e4llen (z.B. l\u00e4ngerer Ausfall bei Verletzung) und muss der HSL-Leitung schriftlich geschickt werden.<\/p>\n\n\n\n<p>4.3 Auf dem Feld stehen 6 Spieler:innen einer Mannschaft \u2013 maximal 3 Damen und maximal 3 Herren.<\/p>\n\n\n\n<p>4.4 Ist eine Mannschaft zum Spieltag nicht vollst\u00e4ndig darf sie im Ausnahmefall nach vorheriger Information der HSL-Leitung und des Gegners mit einer Person weniger antreten. Bei weniger als 5 Personen darf das Spiel durch den Gegner abgelehnt werden und wird gem\u00e4\u00df Punkt 4.5 als Gewinn f\u00fcr den Gegner gewertet. Nach \u00dcbereinkunft angepfiffene Spiele gehen DEFINITIV in die Wertung ein.<\/p>\n\n\n\n<p>4.5 Tritt eine Mannschaft zum festgelegten Spieltermin nicht an, geht das Spiel mit 2:0 S\u00e4tzen und h\u00f6chstm\u00f6glichem Punkteunterschied zu Gunsten der angetretenen Mannschaft in die Wertung ein.<\/p>\n\n\n\n<p><strong>5 Aushelfen<\/strong><\/p>\n\n\n\n<p>5.1 Aushilfsspieler:innen und Nachmeldungen m\u00fcssen vor Spielbeginn der HSL-Leitung schriftlich oder m\u00fcndlich mitgeteilt werden. Die maximale Anzahl an Nachmeldungen ist auf 4 begrenzt.<\/p>\n\n\n\n<p>5.2 Das Aushelfen ist ausschlie\u00dflich innerhalb der eigenen Liga m\u00f6glich.<\/p>\n\n\n\n<p>5.3 Jede:r Aushilfsspieler:in darf innerhalb des Semesters nur in einem Team aushelfen. Das Aushelfen ist auf maximal 2 Spieltage begrenzt.<\/p>\n\n\n\n<p>5.4 Je nicht spielberechtigter:n Spieler:in gem\u00e4\u00df Punkt 5.1 und 5.3 werden der gegnerischen Mannschaft vor Spielbeginn 4 Punkte gutgeschrieben. <em>Das Spiel startet dann beispielsweise 4:0. <\/em>\u00dcberpr\u00fcft wird dies von der Spielleitung und der HSL-Leitung. Zudem wird hier im Sinne des Fair Plays auf Ehrlichkeit der Mannschaften gesetzt!<\/p>\n\n\n\n<p><strong>6 Spielaktionen<\/strong><\/p>\n\n\n\n<p>6.1 Angriffe von Frauen d\u00fcrfen NUR von Frauen geblockt werden.<\/p>\n\n\n\n<p>6.2 Herren d\u00fcrfen ausschlie\u00dflich Angriffe von Herren blocken. Als Block gilt die passive Ber\u00fchrung des Balles oberhalb der Netzkante. Eine aktive Bewegung durch Ausholen des Armes ist als Block nicht zul\u00e4ssig.<\/p>\n\n\n\n<p>6.3 Herren d\u00fcrfen nur aus dem Hinterfeld, entsprechend DVV-Regeln, angreifen.<\/p>\n\n\n\n<p><strong>7 Spielanlage<\/strong><\/p>\n\n\n\n<p>7.1 Gespielt wird bei einer Netzh\u00f6he von 2,35 m.<\/p>\n\n\n\n<p>7.2 Der Aufbau und Abbau der Felder, sowie die Kontrolle der Netzh\u00f6he wird durch die HSL-Leitung (unter Beihilfe der anderen Mannschaften) koordiniert.<\/p>\n\n\n\n<p><strong>8 Spielsystem<\/strong><\/p>\n\n\n\n<p>8.1 Jedes Team hat pro Satz 1 Auszeit.<\/p>\n\n\n\n<p>8.2 Die Spielleitung \u00fcbernimmt ein festgelegtes spielfreies Team. Jede Mannschaft hat zur Spielleitung zwei Schiedsrichter, zwei Linienrichter und einen Punktrichter zu stellen.<\/p>\n\n\n\n<p>8.3 Zwischen den Spielen gibt es eine Pause von maximal 15 Minuten, in der sich die im Anschluss spielenden Mannschaften warmmachen k\u00f6nnen. Es liegt in der Aufgabe der Spielleitung des folgenden Spiels die Dauer der Pause einzuhalten und das Spiel rechtzeitig anzupfeifen.<\/p>\n\n\n\n<p>8.3 Die Tabellenpl\u00e4tze ergeben sich nach folgenden Kriterien, in der angegebenen Reihenfolge:<\/p>\n\n\n\n<ul class=\"wp-block-list\">\n<li>Gewonnene Spiele<\/li>\n\n\n\n<li>Verlorene Spiele<\/li>\n\n\n\n<li>Gewonnene S\u00e4tze<\/li>\n\n\n\n<li>Verlorene S\u00e4tze<\/li>\n\n\n\n<li>Ballpunktedifferenz \u2013 Erzielte Ballpunkte (Pluspunkte), Abgegebene Ballpunkte (Minuspunkte)<\/li>\n\n\n\n<li>Sollten alle Kriterien zweier Teams identisch sein, so entscheidet der direkte Vergleich (Summe aus Hin- und R\u00fcckspiel) dieser Teams \u00fcber die Platzierung<\/li>\n<\/ul>\n\n\n\n<p>8.4 Der, nach Abschluss der Saison, Tabellenerste steigt direkt in die n\u00e4chsth\u00f6here Liga auf, insofern ein Aufstieg m\u00f6glich ist.<\/p>\n\n\n\n<p>8.5 Der, nach Abschluss Saison Tabellenletzte steigt direkt in die n\u00e4chsttiefere Liga ab, insofern ein Abstieg m\u00f6glich ist.<\/p>\n\n\n\n<p>8.6 In die Relegation gehen jeweils &nbsp;der 2. Platz der tieferen Ligen &nbsp;und der vorletzte Platz der h\u00f6heren Ligen.<\/p>\n\n\n\n<p>8.7 Notwendige Anpassungen (z.B. aufgrund von Zeit) bleiben der HSL-Leitung vorbehalten.<\/p>\n\n\n\n<p><strong>X Spielsystem (je Semester)<\/strong><\/p>\n\n\n\n<p>X.1 Es werden zwei Gewinns\u00e4tze bis 21 Punkte gespielt. Hierbei gilt die Regel der zwei Punkte Differenz bis zu einer maximalen Punktezahl von 25.<\/p>\n\n\n\n<p>X.2 Ist ein Tie-Break (Entscheidungssatz) notwendig, so endet dieser bei 11 Punkten. Hierbei gilt die Regel der zwei Punkte Differenz bis zu einer maximalen Punktezahl von 15.<\/p>\n\n\n\n<p>X.3 Spielbeginn f\u00fcr das jeweils erste Spiel des Abends ist  SP\u00c4TESTENS 18:40\u00a0Uhr.<\/p>\n\n\n\n<p>X.4 Spielende aller Spiele ist SP\u00c4TESTENS 23:00&nbsp;Uhr<\/p>\n\n\n\n<p><\/p>\n","protected":false},"excerpt":{"rendered":"<p>Regeln der Hochschulliga Volleyball in Dresden Regeln der Hochschulliga Volleyball in Dresden 1 Allgemeines 1.1 Alle Spiele finden unter dem Leitmotiv des sportlichen Fair Play statt. 1.2 Wenn nicht anders aufgef\u00fchrt, gelten die Regeln des DVV. 1.3 Mit der Teilnahme an der Hochschulliga erkennen alle Teilnehmenden die allgemeinen&nbsp;Nutzungsbedingungen des DHSZ Dresden f\u00fcr die TH N\u00f6thnitzer &hellip; <\/p>\n<p><a class=\"more-link btn\" href=\"https:\/\/volley.file3.wcms.tu-dresden.de\/?page_id=8039\">Weiterlesen<\/a><\/p>\n","protected":false},"author":25,"featured_media":0,"parent":0,"menu_order":0,"comment_status":"closed","ping_status":"closed","template":"","meta":{"footnotes":""},"class_list":["post-8039","page","type-page","status-publish","hentry","nodate","item-wrap"],"_links":{"self":[{"href":"https:\/\/volley.file3.wcms.tu-dresden.de\/index.php?rest_route=\/wp\/v2\/pages\/8039","targetHints":{"allow":["GET"]}}],"collection":[{"href":"https:\/\/volley.file3.wcms.tu-dresden.de\/index.php?rest_route=\/wp\/v2\/pages"}],"about":[{"href":"https:\/\/volley.file3.wcms.tu-dresden.de\/index.php?rest_route=\/wp\/v2\/types\/page"}],"author":[{"embeddable":true,"href":"https:\/\/volley.file3.wcms.tu-dresden.de\/index.php?rest_route=\/wp\/v2\/users\/25"}],"replies":[{"embeddable":true,"href":"https:\/\/volley.file3.wcms.tu-dresden.de\/index.php?rest_route=%2Fwp%2Fv2%2Fcomments&post=8039"}],"version-history":[{"count":7,"href":"https:\/\/volley.file3.wcms.tu-dresden.de\/index.php?rest_route=\/wp\/v2\/pages\/8039\/revisions"}],"predecessor-version":[{"id":9657,"href":"https:\/\/volley.file3.wcms.tu-dresden.de\/index.php?rest_route=\/wp\/v2\/pages\/8039\/revisions\/9657"}],"wp:attachment":[{"href":"https:\/\/volley.file3.wcms.tu-dresden.de\/index.php?rest_route=%2Fwp%2Fv2%2Fmedia&parent=8039"}],"curies":[{"name":"wp","href":"https:\/\/api.w.org\/{rel}","templated":true}]}}